{"id":12,"date":"2025-03-23T15:06:04","date_gmt":"2025-03-23T14:06:04","guid":{"rendered":"https:\/\/emary-therapeute.com\/?page_id=12"},"modified":"2025-05-06T12:21:10","modified_gmt":"2025-05-06T10:21:10","slug":"a-propos","status":"publish","type":"page","link":"https:\/\/emary-therapeute.com\/index.php\/a-propos\/","title":{"rendered":"A propos"},"content":{"rendered":"\n<h2 class=\"wp-block-heading has-text-align-left\">Qu&#8217;est-ce que la th\u00e9rapie familiale et syst\u00e9mique ? <\/h2>\n\n\n\n<p class=\"has-text-align-left\">Dans la pratique th\u00e9rapeutique, l&#8217;approche syst\u00e9mique propose de mettre en relation tous les individus d&#8217;un syst\u00e8me &#8211; couple, famille, fratrie&#8230;qui interagissent les uns avec les autres. la th\u00e9rapie syst\u00e9mique s&#8217;int\u00e9resse \u00e0 la communication et aux relations que les individus entretiennent entre eux dans leur vie quotidienne actuelle, aux r\u00f4le qu&#8217;ils jouent au sein de leur famille\/partenaire, aux fonctions qu&#8217;ils assument, aux identit\u00e9s multiples qui les d\u00e9finissent par rapport aux autres.<\/p>\n\n\n\n<p><strong>La th\u00e9rapie syst\u00e9mique peut \u00eatre familiale, couple, mais c&#8217;est aussi une pratique qui se fait en travail th\u00e9rapeutique individuel<\/strong><\/p>\n\n\n\n<p class=\"has-text-align-left\">QUEL EST L&#8217;OBJECTIF D&#8217;UNE THERAPIE FAMILIALE\/ DE COUPLE ?<\/p>\n\n\n\n<p class=\"has-text-align-left\">en effet, il arrive que la communication au sein d&#8217;un couple ou d&#8217;une famille soit difficile, conflictuelle, voire inexistante, ou encore que les relations y soient fusionnelles, distantes, rompues&#8230;Cela g\u00e9n\u00e8re souffrance et malaise chez ses membres qui ne sont plus en mesure d&#8217;avancer et ne savent comment sortir de ces probl\u00e9matiques. Parfois l&#8217;un d&#8217;eux montre ces signes de malaise, de mal-\u00eatre ou de souffrance qui apparaissent comme des sympt\u00f4mes physiques et \u00e9motionnels, suffisamment forts pour alerter la famille. Ils sont pour le th\u00e9rapeute le signe que les relations au sein de la famille\/couple, sont devenues fragiles. C&#8217;est alors tout l&#8217;\u00e9quilibre du syst\u00e8me qui est menac\u00e9. C&#8217;est \u00e0 ce moment que le th\u00e9rapeute peut guider les personnes, ensemble, vers d&#8217;autres modes de fonctionnement et provoquer un changement b\u00e9n\u00e9fique, non seulement pour la personne mais au sein des relations de tous. Ensemble, ils vont explorer comment fonctionne le syst\u00e8me familial\/couple, comment il s&#8217;est construit, ce qui le fait et le d\u00e9fait. Car une personne ne se construit pas toute seule. Chacun.ne poss\u00e8de des points d&#8217;ancrage : une famille d&#8217;origine, un foyer qu&#8217;elle a fond\u00e9, des r\u00e9f\u00e9rences importantes dans sa vie, des figures d&#8217;attachement, des valeurs transmises&#8230;qui font partie de la construction identitaire, du &#8220;monde&#8221; de chacun. Le travail th\u00e9rapeutique permet d&#8217;explorer ces h\u00e9ritages \u00e9motionnels, affectifs, psychiques, de regarder comment ils s&#8217;harmonisent ou dysfonctionnent avec l&#8217;autre, am\u00e8ne \u00e0 r\u00e9p\u00e9ter les m\u00eames fa\u00e7ons de faire, d&#8217;\u00eatre.<\/p>\n\n\n\n<p>QUELS BENEFICES ?<\/p>\n\n\n\n<p>Quand il s&#8217;agit d&#8217;une th\u00e9rapie en famille ou en couple, chacun peut parler en son nom et entendre ce que les autres membres du syst\u00e8me expriment, pensent, imaginent savoir, ressentent&#8230; dans le calme et en \u00e9tant attentif les uns aux autres, ce qui n&#8217;est pas toujours possible \u00e0 la maison ! l&#8217;espace th\u00e9rapeutique est un lieu ou le th\u00e9rapeute est garant du cadre. Dans l&#8217;\u00e9coute mutuelle, l&#8217;information peut circuler, s&#8217;\u00e9changer, se d\u00e9couvrir, la parole se lib\u00e9rer en toute s\u00e9curit\u00e9, sans se sentir en danger d&#8217;avoir os\u00e9 dire et ressentir.<\/p>\n\n\n\n<p>Dans un tel espace, les personnes acqui\u00e8rent des cl\u00e9s de compr\u00e9hension sur comment chacun.ne fonctionne, comment et pourquoi elle r\u00e9agit, s&#8217;est comport\u00e9e, a fait ces choix plut\u00f4t que d&#8217;autres, a r\u00e9p\u00e9t\u00e9 des sc\u00e9narios de vie&#8230;<\/p>\n\n\n\n<p>La th\u00e9rapie familiale\/couple\/individuel syst\u00e9mique permet alors d&#8217;exp\u00e9rimenter, en s\u00e9ance, et en toute s\u00e9curit\u00e9, d&#8217;autres fa\u00e7ons d&#8217;\u00eatre en relation, de r\u00e9fl\u00e9chir aux ressources individuelles et collectives pour mieux communiquer, mieux se comprendre, se respecter dans son individualit\u00e9. Lorsque cette exp\u00e9rience s&#8217;av\u00e8re positive et sans danger en s\u00e9ance, dans le cadre du travail th\u00e9rapeutique, les personnes l&#8217;exporte au sein de leur vie relationnelle. Le changement s&#8217;op\u00e8re, la relation se transforme..<\/p>\n\n\n\n<p><\/p>\n","protected":false},"excerpt":{"rendered":"<p>Qu&#8217;est-ce que la th\u00e9rapie familiale et syst\u00e9mique ? Dans la pratique th\u00e9rapeutique, l&#8217;approche syst\u00e9mique propose de mettre en relation tous les individus d&#8217;un syst\u00e8me &#8211; couple, famille, fratrie&#8230;qui interagissent les uns avec les autres. la th\u00e9rapie syst\u00e9mique s&#8217;int\u00e9resse \u00e0 la communication et aux relations que les individus entretiennent entre eux dans leur vie quotidienne actuelle, [&hellip;]<\/p>\n","protected":false},"author":1,"featured_media":0,"parent":0,"menu_order":0,"comment_status":"closed","ping_status":"closed","template":"","meta":{"footnotes":""},"class_list":["post-12","page","type-page","status-publish","hentry"],"_links":{"self":[{"href":"https:\/\/emary-therapeute.com\/index.php\/wp-json\/wp\/v2\/pages\/12","targetHints":{"allow":["GET"]}}],"collection":[{"href":"https:\/\/emary-therapeute.com\/index.php\/wp-json\/wp\/v2\/pages"}],"about":[{"href":"https:\/\/emary-therapeute.com\/index.php\/wp-json\/wp\/v2\/types\/page"}],"author":[{"embeddable":true,"href":"https:\/\/emary-therapeute.com\/index.php\/wp-json\/wp\/v2\/users\/1"}],"replies":[{"embeddable":true,"href":"https:\/\/emary-therapeute.com\/index.php\/wp-json\/wp\/v2\/comments?post=12"}],"version-history":[{"count":6,"href":"https:\/\/emary-therapeute.com\/index.php\/wp-json\/wp\/v2\/pages\/12\/revisions"}],"predecessor-version":[{"id":61,"href":"https:\/\/emary-therapeute.com\/index.php\/wp-json\/wp\/v2\/pages\/12\/revisions\/61"}],"wp:attachment":[{"href":"https:\/\/emary-therapeute.com\/index.php\/wp-json\/wp\/v2\/media?parent=12"}],"curies":[{"name":"wp","href":"https:\/\/api.w.org\/{rel}","templated":true}]}}