{"id":19,"date":"2025-03-26T20:33:36","date_gmt":"2025-03-26T19:33:36","guid":{"rendered":"https:\/\/emary-therapeute.com\/?page_id=19"},"modified":"2026-03-12T13:01:30","modified_gmt":"2026-03-12T12:01:30","slug":"analyse-de-pratique-professionnelle","status":"publish","type":"page","link":"https:\/\/emary-therapeute.com\/index.php\/analyse-de-pratique-professionnelle\/","title":{"rendered":"Analyse de pratiques professionnelles pourquoi ?"},"content":{"rendered":"\n<p>L\u2019analyse des pratiques est un outil qui permet aux professionnels d\u2019\u00e9changer ensemble sur leur activit\u00e9 afin de partager les questionnements en lien avec les pratiques professionnelles, de r\u00e9fl\u00e9chir \u00e0 des solutions aux probl\u00e9matiques qu\u2019ils rencontrent quotidiennement. L\u2019analyse des pratiques professionnelle est un temps et un espace indispensable\u00a0dans les secteurs o\u00f9 l\u2019aspect relationnel est pr\u00e9dominant. Les intervenants du secteur social et m\u00e9dico-social sont donc particuli\u00e8rement concern\u00e9s. <\/p>\n\n\n\n<p>C&#8217;est une pratique qui s&#8217;inscrit dans une d\u00e9marche collective. Les participants pr\u00e9sentent des situations professionnelles concr\u00e8tes, des cas cliniques d&#8217;ou \u00e9mergent des difficult\u00e9s qu\u2019ils vivent ou ont v\u00e9cues. le groupe cherche ensemble \u00e0 mettre en place des axes de r\u00e9flexion et d&#8217;am\u00e9lioration. Il s\u2019agit avant tout d\u2019un lieu d&#8217;\u00e9change, une pratique r\u00e9flexive et constructive o\u00f9 la prise en compte et l\u2019aide du professionnel pr\u00e9dominent.<\/p>\n\n\n\n<p>Dans le cadre de mes interventions aupr\u00e8s des groupes d&#8217;analyse de pratiques professionnelles, j&#8217;accompagne les professionnel-les \u00e0 prendre du recul sur les situations v\u00e9cues. Il s&#8217;agit de parler les \u00e9motions, questionner les r\u00e9sonnances, \u00e9viter la solitude face \u00e0 des prises en charge. l&#8217;\u00e9quipe entend, entoure, met en commun le partage des connaissances et des comp\u00e9tences. Cela permet la remise en questions des pratiques et postures professionnelles.<\/p>\n\n\n\n<p>En mettant en avant leur questions et les difficult\u00e9s rencontr\u00e9es, les membres d&#8217;une \u00e9quipe apprennent \u00e9galement \u00e0 s\u2019entraider, a d\u00e9velopper la coop\u00e9ration et la coh\u00e9sion au sein du groupe. Les \u00e9changes lors des analyses de pratiques soutiennent un accompagnement riche et qualitatif des professionnel-les ayant des effets positifs aupr\u00e8s des usagers<\/p>\n\n\n\n<h2 class=\"wp-block-heading\">Analyse de pratiques professionnelles comment ?<\/h2>\n\n\n\n<p>Les d\u00e9roul\u00e9s des temps d&#8217;APP respectent quelques principes \u00e9nonc\u00e9s en d\u00e9but de s\u00e9ances : l&#8217;\u00e9coute, la bienveillance, la confidentialit\u00e9&#8230;indispensable au fonctionnement du groupe.<\/p>\n\n\n\n<p>Chacun ensuite est invit\u00e9 \u00e0 se pr\u00e9senter si necessaire afin que je puisse comprendre le fonctionnement et la pluridiciplinarit\u00e9 de la structure<\/p>\n\n\n\n<p>je questionne ensuite sur la pr\u00e9sentation d&#8217;une situation expos\u00e9e par un membre du groupe. Toute l&#8217;assembl\u00e9e peut questionner, participer, r\u00e9fl\u00e9chir. Cela permet de faire \u00e9merger tous les \u00e9l\u00e9ments, d&#8217;enrichir la r\u00e9flexion, d&#8217;\u00e9laborer des hypoth\u00e8ses.<\/p>\n\n\n\n<p>Ainsi, le groupe participe collectivement \u00e0 l&#8217;\u00e9laboration de solutions et les propose \u00e0 la personne qui a expos\u00e9 sa probl\u00e9matique.<\/p>\n\n\n\n<p>Mon r\u00f4le en tant qu&#8217;animatrice de groupes d&#8217;analyse de pratiques professionnelles est de <\/p>\n\n\n\n<ul class=\"wp-block-list\">\n<li>garantir le cadre (une APP n&#8217;est pas une r\u00e9union d&#8217;\u00e9quipe ou se traite les probl\u00e8mes institutionnels)<\/li>\n\n\n\n<li>instaurer une confiance qui permet la circulation des \u00e9changes<\/li>\n<\/ul>\n\n\n\n<ul class=\"wp-block-list\">\n<li> s&#8217;appuyer sur les connaissances et les comp\u00e9tences de tous pour mettre au travail une intelligence collective<\/li>\n<\/ul>\n\n\n\n<ul class=\"wp-block-list\">\n<li>aider \u00e0 comprendre, contextualiser, elaborer<\/li>\n<\/ul>\n\n\n\n<ul class=\"wp-block-list\">\n<li>s&#8217;assurer qu&#8217;il y ait des propositions de faites <\/li>\n<\/ul>\n\n\n\n<p><\/p>\n","protected":false},"excerpt":{"rendered":"<p>L\u2019analyse des pratiques est un outil qui permet aux professionnels d\u2019\u00e9changer ensemble sur leur activit\u00e9 afin de partager les questionnements en lien avec les pratiques professionnelles, de r\u00e9fl\u00e9chir \u00e0 des solutions aux probl\u00e9matiques qu\u2019ils rencontrent quotidiennement. L\u2019analyse des pratiques professionnelle est un temps et un espace indispensable\u00a0dans les secteurs o\u00f9 l\u2019aspect relationnel est pr\u00e9dominant. Les [&hellip;]<\/p>\n","protected":false},"author":1,"featured_media":0,"parent":0,"menu_order":0,"comment_status":"closed","ping_status":"closed","template":"","meta":{"footnotes":""},"class_list":["post-19","page","type-page","status-publish","hentry"],"_links":{"self":[{"href":"https:\/\/emary-therapeute.com\/index.php\/wp-json\/wp\/v2\/pages\/19","targetHints":{"allow":["GET"]}}],"collection":[{"href":"https:\/\/emary-therapeute.com\/index.php\/wp-json\/wp\/v2\/pages"}],"about":[{"href":"https:\/\/emary-therapeute.com\/index.php\/wp-json\/wp\/v2\/types\/page"}],"author":[{"embeddable":true,"href":"https:\/\/emary-therapeute.com\/index.php\/wp-json\/wp\/v2\/users\/1"}],"replies":[{"embeddable":true,"href":"https:\/\/emary-therapeute.com\/index.php\/wp-json\/wp\/v2\/comments?post=19"}],"version-history":[{"count":2,"href":"https:\/\/emary-therapeute.com\/index.php\/wp-json\/wp\/v2\/pages\/19\/revisions"}],"predecessor-version":[{"id":69,"href":"https:\/\/emary-therapeute.com\/index.php\/wp-json\/wp\/v2\/pages\/19\/revisions\/69"}],"wp:attachment":[{"href":"https:\/\/emary-therapeute.com\/index.php\/wp-json\/wp\/v2\/media?parent=19"}],"curies":[{"name":"wp","href":"https:\/\/api.w.org\/{rel}","templated":true}]}}